{"id":375,"date":"2021-03-28T22:19:25","date_gmt":"2021-03-29T01:19:25","guid":{"rendered":"https:\/\/bancarioscanoinhas.com.br\/?page_id=375"},"modified":"2024-06-24T11:56:31","modified_gmt":"2024-06-24T14:56:31","slug":"editais","status":"publish","type":"page","link":"https:\/\/bancarioscanoinhas.com.br\/index.php\/editais\/","title":{"rendered":"Editais"},"content":{"rendered":"\t\t<div data-elementor-type=\"wp-page\" data-elementor-id=\"375\" class=\"elementor elementor-375\" data-elementor-settings=\"[]\">\n\t\t\t\t\t\t\t<div class=\"elementor-section-wrap\">\n\t\t\t\t\t\t\t<section class=\"elementor-section elementor-top-section elementor-element elementor-element-5b122c3b elementor-section-content-top elementor-section-boxed elementor-section-height-default elementor-section-height-default\" data-id=\"5b122c3b\" data-element_type=\"section\">\n\t\t\t\t\t\t<div class=\"elementor-container elementor-column-gap-no\">\n\t\t\t\t\t<div class=\"elementor-column elementor-col-100 elementor-top-column elementor-element elementor-element-69a39102\" data-id=\"69a39102\" data-element_type=\"column\">\n\t\t\t<div class=\"elementor-widget-wrap elementor-element-populated\">\n\t\t\t\t\t\t\t\t<div class=\"elementor-element elementor-element-f50699 elementor-widget elementor-widget-heading\" data-id=\"f50699\" data-element_type=\"widget\" data-widget_type=\"heading.default\">\n\t\t\t\t<div class=\"elementor-widget-container\">\n\t\t\t<h4 class=\"elementor-heading-title elementor-size-default\">Assembleias<\/h4>\t\t<\/div>\n\t\t\t\t<\/div>\n\t\t\t\t<div class=\"elementor-element elementor-element-39034cd0 elementor-widget elementor-widget-toggle\" data-id=\"39034cd0\" data-element_type=\"widget\" data-widget_type=\"toggle.default\">\n\t\t\t\t<div class=\"elementor-widget-container\">\n\t\t\t\t\t<div class=\"elementor-toggle\" role=\"tablist\">\n\t\t\t\t\t\t\t<div class=\"elementor-toggle-item\">\n\t\t\t\t\t<div id=\"elementor-tab-title-9561\" class=\"elementor-tab-title\" data-tab=\"1\" role=\"tab\" aria-controls=\"elementor-tab-content-9561\" aria-expanded=\"false\">\n\t\t\t\t\t\t\t\t\t\t\t\t<span class=\"elementor-toggle-icon elementor-toggle-icon-right\" aria-hidden=\"true\">\n\t\t\t\t\t\t\t\t\t\t\t\t\t\t\t<span class=\"elementor-toggle-icon-closed\"><i class=\"fas fa-caret-right\"><\/i><\/span>\n\t\t\t\t\t\t\t\t<span class=\"elementor-toggle-icon-opened\"><i class=\"elementor-toggle-icon-opened fas fa-caret-up\"><\/i><\/span>\n\t\t\t\t\t\t\t\t\t\t\t\t\t<\/span>\n\t\t\t\t\t\t\t\t\t\t\t\t<a href=\"\" class=\"elementor-toggle-title\">AGE - ASSEMBLEIA GERAL EXTRAORDIN\u00c1RIA  - Campanha Salarial 2024<\/a>\n\t\t\t\t\t<\/div>\n\t\t\t\t\t<div id=\"elementor-tab-content-9561\" class=\"elementor-tab-content elementor-clearfix\" data-tab=\"1\" role=\"tabpanel\" aria-labelledby=\"elementor-tab-title-9561\"><p><strong>Canoinhas- SC, 24 de junho de 2024<\/strong><\/p><p><strong>CAMPANHA SALARIAL DOS BANC\u00c1RIOS 2024 <\/strong><\/p><p><strong>EDITAL DE CONVOCA\u00c7\u00c3O <\/strong><\/p><p><strong>AGE &#8211; ASSEMBLEIA GERAL EXTRAORDIN\u00c1RIA<\/strong><\/p><p>A Presidente do Sindicato dos Empregados em Estabelecimentos Banc\u00e1rios de Canoinhas e Regi\u00e3o , no uso de suas atribui\u00e7\u00f5es conferidas pelo Estatuto da Entidade Sindical, convoca toda a Categoria Profissional dos Trabalhadores em Estabelecimentos Banc\u00e1rios, lotados na base territorial do sindicato que compreende os munic\u00edpios de Canoinhas, Tr\u00eas barras e Major Vieira \u2013 SC, para participarem da AGE (Assembleia Geral Extraordin\u00e1ria), que se realizar\u00e1 no dia 27 de Junho de 2024, quinta-feira \u00e0s 18:00 horas em primeira convoca\u00e7\u00e3o, conforme qu\u00f3rum regimental ou \u00e0s 18:30 horas em segunda e \u00faltima convoca\u00e7\u00e3o, com qualquer n\u00famero de presentes, que ser\u00e1 realizada na sede do sindicato, localizado na rua Vidal Ramos 655, salas 303 e 304 Ed. Annemaria, Centro, Canoinhas SC, a fim de debater e deliberar sobre a seguinte ordem do dia: 1) Referendar as minutas pautas de reivindica\u00e7\u00f5es da categoria banc\u00e1ria de bancos p\u00fablicos e privados, que foram deliberadas no Encontro Nacional da (CONTEC) Confedera\u00e7\u00e3o Nacional dos Trabalhadores nas Empresas de Cr\u00e9dito nos dias 19,20 e 21\/06\/2024 na cidade de Uberl\u00e2ndia &#8211; MG, referentes \u00e0s condi\u00e7\u00f5es de sal\u00e1rio, trabalho, sa\u00fade do trabalhador, ambiente de trabalho e garantias e rela\u00e7\u00f5es sindicais, para celebra\u00e7\u00e3o ou n\u00e3o da Conven\u00e7\u00e3o Coletiva de Trabalho e ou Acordo Coletivo de Trabalho, com data base 1\u00ba de setembro 2024; 2) Deliberar sobre Termos de Ades\u00e3o \u00e0 Conven\u00e7\u00e3o Coletiva Nacional relativa \u00e1s Comiss\u00f5es Extrajudiciais de Solu\u00e7\u00e3o de Conflitos Individuais (CCPs) de bancos p\u00fablicos e privados; 3) Outorga de poderes para o Sindicato celebrar Acordo Coletivo de Trabalho ou Conven\u00e7\u00e3o Coletiva de Trabalho, inclusive de PLR, Acordos de Rela\u00e7\u00f5es Sindicais e Termos Aditivos, ou em caso de frustra\u00e7\u00e3o, instaurar diss\u00eddio coletivo de trabalho junto ao TRT 12\u00aa Regi\u00e3o e ou TST; 4) Delibera\u00e7\u00e3o e autoriza\u00e7\u00e3o do desconto da contribui\u00e7\u00e3o negocial a ser efetuado sobre o sal\u00e1rio e PLR dos empregados associados ou n\u00e3o, em raz\u00e3o da contrata\u00e7\u00e3o coletiva a ser realizada; 5) Deliberar sobre a conveni\u00eancia de se dar em car\u00e1ter permanente a Assembleia Geral Extraordin\u00e1ria enquanto perdurar a Campanha Salarial dos Banc\u00e1rios 2024 de Bancos P\u00fablicos e Privados, permitindo que as futuras convoca\u00e7\u00f5es sejam efetuadas na forma remota virtual ou presencial mediante simples comunicado nos locais de trabalho, podendo inclusive deliberar sobre greve.\u00a0 as minutas pautas de reivindica\u00e7\u00f5es para downloads, est\u00e3o dispon\u00edveis para aprecia\u00e7\u00e3o no SITE OFICIAL do SEEB CANOINHAS E REGI\u00c3O SC na INTERNET: (<a href=\"http:\/\/www.bancarioscanoinhas.com.br\">www.bancarioscanoinhas.com.br<\/a>) <strong>OBS:<\/strong> Recomendamos que se fa\u00e7a antecipadamente a leitura das minutas pautas de reivindica\u00e7\u00f5es BB, CEF e FENABAN, para que no dia da AGE somente fa\u00e7amos aprecia\u00e7\u00e3o e vota\u00e7\u00e3o.<\/p><p><strong>CONI JOSETE LINZMAYER MAZURKIEVICZ<\/strong><\/p><p>PRESIDENTE<\/p><ul><li><a href=\"https:\/\/bancarioscanoinhas.com.br\/wp-content\/uploads\/2024\/06\/MINUTA-BANCO-DO-BRASIL-UBERLANDIA.pdf\">Minuta Banco do Brasil 2024 -2026<\/a><\/li><li><a href=\"https:\/\/bancarioscanoinhas.com.br\/wp-content\/uploads\/2024\/06\/MINUTA-CAIXA-FINAL-2024-08-05-2024-UBERLANDIA.pdf\">Minuta Caixa Econ\u00f4mica 2024 &#8211; 2026<\/a><\/li><\/ul><\/div>\n\t\t\t\t<\/div>\n\t\t\t\t\t\t\t<div class=\"elementor-toggle-item\">\n\t\t\t\t\t<div id=\"elementor-tab-title-9562\" class=\"elementor-tab-title\" data-tab=\"2\" role=\"tab\" aria-controls=\"elementor-tab-content-9562\" aria-expanded=\"false\">\n\t\t\t\t\t\t\t\t\t\t\t\t<span class=\"elementor-toggle-icon elementor-toggle-icon-right\" aria-hidden=\"true\">\n\t\t\t\t\t\t\t\t\t\t\t\t\t\t\t<span class=\"elementor-toggle-icon-closed\"><i class=\"fas fa-caret-right\"><\/i><\/span>\n\t\t\t\t\t\t\t\t<span class=\"elementor-toggle-icon-opened\"><i class=\"elementor-toggle-icon-opened fas fa-caret-up\"><\/i><\/span>\n\t\t\t\t\t\t\t\t\t\t\t\t\t<\/span>\n\t\t\t\t\t\t\t\t\t\t\t\t<a href=\"\" class=\"elementor-toggle-title\">Convoca\u00e7\u00e3o CCP Itau-Unibanco<\/a>\n\t\t\t\t\t<\/div>\n\t\t\t\t\t<div id=\"elementor-tab-content-9562\" class=\"elementor-tab-content elementor-clearfix\" data-tab=\"2\" role=\"tabpanel\" aria-labelledby=\"elementor-tab-title-9562\"><p><b>EDITAL DE CONVOCA\u00c7\u00c3O &#8211; ASSEMBLEIA GERAL EXTRAORDIN\u00c1RIA<\/b><\/p><p>O Sindicato dos Empregados em Estabelecimentos Banc\u00e1rios de Canoinhas e Regi\u00e3o, inscrito no CNPJ\/MF 79.377.016\/0001-78, registro sindical no 24000.002269\/92, por sua presidente ao final assinado, convoca todos os banc\u00e1rios do Banco Ita\u00fa-Unibanco S\/A de sua base territorial nos munic\u00edpios de Canoinhas e Tr\u00eas Barras, associados ou n\u00e3o, para a Assembleia Geral Extraordin\u00e1ria, que se realizar\u00e1 de forma remota\/ virtual, no dia 01 de abril de 2021, das 09 (nove) \u00e0s 18 (dezoito) horas, atrav\u00e9s do link a ser disponibilizado pelo sindicato no dia da vota\u00e7\u00e3o, onde estar\u00e3o todas as informa\u00e7\u00f5es necess\u00e1rias, a fim de deliberarem sobre a seguinte ordem do dia:<\/p><p>\u00a0a) Vota\u00e7\u00e3o da proposta apresentada pelo Ita\u00fa-Unibanco referente ao ACT\/CCP \u2013Comiss\u00e3o de Concilia\u00e7\u00e3o Pr\u00e9via &#8211; 2021\/2023<\/p><p>Canoinhas(SC), 26 de mar\u00e7o de 2021.<\/p><p><b>Coni Mazurkievicz<br \/>Presidente<\/b><\/p><p><b>\u00a0<\/b><\/p><p><b><img loading=\"lazy\" decoding=\"async\" class=\"wp-image-395 alignleft\" src=\"https:\/\/bancarioscanoinhas.com.br\/wp-content\/uploads\/2021\/03\/pd.jpg\" alt=\"\" width=\"42\" height=\"42\" srcset=\"https:\/\/bancarioscanoinhas.com.br\/wp-content\/uploads\/2021\/03\/pd.jpg 225w, https:\/\/bancarioscanoinhas.com.br\/wp-content\/uploads\/2021\/03\/pd-150x150.jpg 150w\" sizes=\"auto, (max-width: 42px) 100vw, 42px\" \/><\/b><\/p><p><b><a href=\"https:\/\/bancarioscanoinhas.com.br\/wp-content\/uploads\/2021\/03\/Edital-assembleia-virtual-CCP-Itau-Unibanco.pdf\">ccp ita<\/a><\/b><\/p><p><b>\u00a0<\/b><\/p><\/div>\n\t\t\t\t<\/div>\n\t\t\t\t\t\t\t\t<\/div>\n\t\t\t\t<\/div>\n\t\t\t\t<\/div>\n\t\t\t\t\t<\/div>\n\t\t<\/div>\n\t\t\t\t\t\t\t<\/div>\n\t\t<\/section>\n\t\t\t\t\t\t<\/div>\n\t\t\t\t\t<\/div>\n\t\t","protected":false},"excerpt":{"rendered":"<p>Assembleias AGE &#8211; ASSEMBLEIA GERAL EXTRAORDIN\u00c1RIA &#8211; Campanha Salarial 2024 Canoinhas- SC, 24 de junho de 2024 CAMPANHA SALARIAL DOS BANC\u00c1RIOS 2024 EDITAL DE CONVOCA\u00c7\u00c3O AGE &#8211; ASSEMBLEIA GERAL EXTRAORDIN\u00c1RIA A Presidente do Sindicato dos Empregados em Estabelecimentos Banc\u00e1rios de Canoinhas e Regi\u00e3o , no uso de suas atribui\u00e7\u00f5es conferidas pelo Estatuto da Entidade Sindical,&hellip; <br \/> <a class=\"read-more\" href=\"https:\/\/bancarioscanoinhas.com.br\/index.php\/editais\/\">Leia mais<\/a><\/p>\n","protected":false},"author":1,"featured_media":0,"parent":0,"menu_order":0,"comment_status":"closed","ping_status":"closed","template":"","meta":{"footnotes":""},"class_list":["post-375","page","type-page","status-publish","hentry"],"_links":{"self":[{"href":"https:\/\/bancarioscanoinhas.com.br\/index.php\/wp-json\/wp\/v2\/pages\/375","targetHints":{"allow":["GET"]}}],"collection":[{"href":"https:\/\/bancarioscanoinhas.com.br\/index.php\/wp-json\/wp\/v2\/pages"}],"about":[{"href":"https:\/\/bancarioscanoinhas.com.br\/index.php\/wp-json\/wp\/v2\/types\/page"}],"author":[{"embeddable":true,"href":"https:\/\/bancarioscanoinhas.com.br\/index.php\/wp-json\/wp\/v2\/users\/1"}],"replies":[{"embeddable":true,"href":"https:\/\/bancarioscanoinhas.com.br\/index.php\/wp-json\/wp\/v2\/comments?post=375"}],"version-history":[{"count":45,"href":"https:\/\/bancarioscanoinhas.com.br\/index.php\/wp-json\/wp\/v2\/pages\/375\/revisions"}],"predecessor-version":[{"id":912,"href":"https:\/\/bancarioscanoinhas.com.br\/index.php\/wp-json\/wp\/v2\/pages\/375\/revisions\/912"}],"wp:attachment":[{"href":"https:\/\/bancarioscanoinhas.com.br\/index.php\/wp-json\/wp\/v2\/media?parent=375"}],"curies":[{"name":"wp","href":"https:\/\/api.w.org\/{rel}","templated":true}]}}